{"id":23919,"date":"2024-10-11T09:32:56","date_gmt":"2024-10-11T07:32:56","guid":{"rendered":"https:\/\/www.laconciairgerie.com\/?page_id=23919"},"modified":"2025-08-14T22:12:02","modified_gmt":"2025-08-14T20:12:02","slug":"protection-des-donnes","status":"publish","type":"page","link":"https:\/\/www.laconciairgerie.com\/en\/protection-des-donnes\/","title":{"rendered":"Data protection"},"content":{"rendered":"<div data-elementor-type=\"wp-page\" data-elementor-id=\"23919\" class=\"elementor elementor-23919\" data-elementor-post-type=\"page\">\n\t\t\t\t<div class=\"elementor-element elementor-element-7482b77 e-flex e-con-boxed e-con e-parent\" data-id=\"7482b77\" data-element_type=\"container\" data-e-type=\"container\" data-settings=\"{&quot;background_background&quot;:&quot;classic&quot;}\">\n\t\t\t\t\t<div class=\"e-con-inner\">\n\t\t<div class=\"elementor-element elementor-element-2e55dc2 e-con-full e-flex e-con e-child\" data-id=\"2e55dc2\" data-element_type=\"container\" data-e-type=\"container\">\n\t\t\t\t<div class=\"elementor-element elementor-element-0c2796a animated-fast elementor-invisible elementor-widget elementor-widget-elementskit-heading\" data-id=\"0c2796a\" data-element_type=\"widget\" data-e-type=\"widget\" data-settings=\"{&quot;ekit_we_effect_on&quot;:&quot;css&quot;,&quot;_animation&quot;:&quot;fadeIn&quot;,&quot;_animation_delay&quot;:100}\" data-widget_type=\"elementskit-heading.default\">\n\t\t\t\t<div class=\"elementor-widget-container\">\n\t\t\t\t\t<div class=\"ekit-wid-con\" ><div class=\"ekit-heading elementskit-section-title-wraper text_left   ekit_heading_tablet-   ekit_heading_mobile-\"><h1 class=\"ekit-heading--title elementskit-section-title\">Data protection<\/h1>\t\t\t\t<div class='ekit-heading__description'>\n\t\t\t\t\t<p><strong>Update :<\/strong> Mars, 2024<\/p>\n\t\t\t\t<\/div>\n\t\t\t<\/div><\/div>\t\t\t\t<\/div>\n\t\t\t\t<\/div>\n\t\t\t\t<\/div>\n\t\t\t\t\t<\/div>\n\t\t\t\t<\/div>\n\t\t<div class=\"elementor-element elementor-element-47111dd e-flex e-con-boxed e-con e-parent\" data-id=\"47111dd\" data-element_type=\"container\" data-e-type=\"container\" data-settings=\"{&quot;animation&quot;:&quot;none&quot;}\">\n\t\t\t\t\t<div class=\"e-con-inner\">\n\t\t<div class=\"elementor-element elementor-element-07dfcdc e-con-full elementor-hidden-tablet elementor-hidden-mobile e-flex e-con e-child\" data-id=\"07dfcdc\" data-element_type=\"container\" data-e-type=\"container\">\n\t\t<div class=\"elementor-element elementor-element-e8b06b5 e-con-full ekit-sticky--top e-flex e-con e-child\" data-id=\"e8b06b5\" data-element_type=\"container\" data-e-type=\"container\" data-settings=\"{&quot;ekit_sticky&quot;:&quot;top&quot;,&quot;ekit_sticky_offset&quot;:{&quot;unit&quot;:&quot;px&quot;,&quot;size&quot;:175,&quot;sizes&quot;:[]},&quot;ekit_sticky_until&quot;:&quot;section5&quot;,&quot;ekit_sticky_offset_tablet&quot;:{&quot;unit&quot;:&quot;px&quot;,&quot;size&quot;:&quot;&quot;,&quot;sizes&quot;:[]},&quot;ekit_sticky_offset_mobile&quot;:{&quot;unit&quot;:&quot;px&quot;,&quot;size&quot;:&quot;&quot;,&quot;sizes&quot;:[]},&quot;ekit_sticky_on_desktop&quot;:&quot;desktop&quot;,&quot;ekit_sticky_effect_offset&quot;:{&quot;unit&quot;:&quot;px&quot;,&quot;size&quot;:0,&quot;sizes&quot;:[]},&quot;ekit_sticky_effect_offset_tablet&quot;:{&quot;unit&quot;:&quot;px&quot;,&quot;size&quot;:&quot;&quot;,&quot;sizes&quot;:[]},&quot;ekit_sticky_effect_offset_mobile&quot;:{&quot;unit&quot;:&quot;px&quot;,&quot;size&quot;:&quot;&quot;,&quot;sizes&quot;:[]}}\">\n\t\t\t\t<\/div>\n\t\t\t\t<\/div>\n\t\t<div class=\"elementor-element elementor-element-bab21d8 e-con-full e-flex e-con e-child\" data-id=\"bab21d8\" data-element_type=\"container\" data-e-type=\"container\">\n\t\t<div class=\"elementor-element elementor-element-4b8586c e-con-full sticky-section e-flex e-con e-child\" data-id=\"4b8586c\" data-element_type=\"container\" data-e-type=\"container\" id=\"section1\">\n\t\t<div class=\"elementor-element elementor-element-dc19245 e-con-full e-flex e-con e-child\" data-id=\"dc19245\" data-element_type=\"container\" data-e-type=\"container\">\n\t\t\t\t<div class=\"elementor-element elementor-element-e789e2e animated-fast elementor-invisible elementor-widget elementor-widget-elementskit-heading\" data-id=\"e789e2e\" data-element_type=\"widget\" data-e-type=\"widget\" data-settings=\"{&quot;_animation&quot;:&quot;fadeIn&quot;,&quot;_animation_delay&quot;:100,&quot;ekit_we_effect_on&quot;:&quot;none&quot;}\" data-widget_type=\"elementskit-heading.default\">\n\t\t\t\t<div class=\"elementor-widget-container\">\n\t\t\t\t\t<div class=\"ekit-wid-con\" ><div class=\"ekit-heading elementskit-section-title-wraper text_left   ekit_heading_tablet-   ekit_heading_mobile-\"><h3 class=\"ekit-heading--title elementskit-section-title\">Cookies used<\/h3><\/div><\/div>\t\t\t\t<\/div>\n\t\t\t\t<\/div>\n\t\t\t\t<\/div>\n\t\t<div class=\"elementor-element elementor-element-c01c79f e-con-full e-flex e-con e-child\" data-id=\"c01c79f\" data-element_type=\"container\" data-e-type=\"container\">\n\t\t\t\t<div class=\"elementor-element elementor-element-eb82159 animated-fast elementor-invisible elementor-widget elementor-widget-text-editor\" data-id=\"eb82159\" data-element_type=\"widget\" data-e-type=\"widget\" data-settings=\"{&quot;_animation&quot;:&quot;fadeIn&quot;,&quot;_animation_delay&quot;:100,&quot;ekit_we_effect_on&quot;:&quot;none&quot;}\" data-widget_type=\"text-editor.default\">\n\t\t\t\t<div class=\"elementor-widget-container\">\n\t\t\t\t\t\t\t\t\t<p class=\"p1\"><strong>Cookie holder : <\/strong>Google<strong><br \/>Purpose : <\/strong>Audience and performance measurement<strong><br \/>Cookie policy :<\/strong> <a href=\"https:\/\/policies.google.com\/technologies\/cookies?hl=fr#how-google-uses-cookies\" target=\"_blank\" rel=\"noreferrer noopener\">Link to cookie policy<\/a><\/p>\t\t\t\t\t\t\t\t<\/div>\n\t\t\t\t<\/div>\n\t\t\t\t<\/div>\n\t\t\t\t<\/div>\n\t\t\t\t<\/div>\n\t\t\t\t\t<\/div>\n\t\t\t\t<\/div>\n\t\t\t\t<\/div>","protected":false},"excerpt":{"rendered":"<p>Protection des donn\u00e9es Mise \u00e0 jour : Mars, 2024 Cookies utilis\u00e9s Titulaire du cookie : GoogleFinalit\u00e9 : Mesure d\u2019audience et de performancePolitique de cookie : Lien vers la politique de cookie<\/p>","protected":false},"author":2,"featured_media":0,"parent":0,"menu_order":0,"comment_status":"closed","ping_status":"closed","template":"","meta":{"inline_featured_image":false,"footnotes":""},"class_list":["post-23919","page","type-page","status-publish","hentry"],"yoast_head":"<!-- This site is optimized with the Yoast SEO plugin v27.2 - https:\/\/yoast.com\/product\/yoast-seo-wordpress\/ -->\n<title>La Conciairgerie - Protection des donn\u00e9es<\/title>\n<meta name=\"robots\" content=\"index, follow, max-snippet:-1, max-image-preview:large, max-video-preview:-1\" \/>\n<link rel=\"canonical\" href=\"https:\/\/misterconcierge.fr\/protection-des-donnes\" \/>\n<meta property=\"og:locale\" content=\"en_GB\" \/>\n<meta property=\"og:type\" content=\"article\" \/>\n<meta property=\"og:title\" content=\"La Conciairgerie - Protection des donn\u00e9es\" \/>\n<meta property=\"og:description\" content=\"Protection des donn\u00e9es Mise \u00e0 jour : Mars, 2024 Cookies utilis\u00e9s Titulaire du cookie : GoogleFinalit\u00e9 : Mesure d\u2019audience et de performancePolitique de cookie : Lien vers la politique de cookie\" \/>\n<meta property=\"og:url\" content=\"https:\/\/misterconcierge.fr\/protection-des-donnes\" \/>\n<meta property=\"og:site_name\" content=\"La Conciairgerie\" \/>\n<meta property=\"article:modified_time\" content=\"2025-08-14T20:12:02+00:00\" \/>\n<meta name=\"twitter:card\" content=\"summary_large_image\" \/>\n<meta name=\"twitter:label1\" content=\"Estimated reading time\" \/>\n\t<meta name=\"twitter:data1\" content=\"1 minute\" \/>\n<script type=\"application\/ld+json\" class=\"yoast-schema-graph\">{\"@context\":\"https:\/\/schema.org\",\"@graph\":[{\"@type\":\"WebPage\",\"@id\":\"https:\/\/www.laconciairgerie.com\/protection-des-donnes\/\",\"url\":\"https:\/\/misterconcierge.fr\/protection-des-donnes\",\"name\":\"La Conciairgerie - Protection des donn\u00e9es\",\"isPartOf\":{\"@id\":\"https:\/\/www.laconciairgerie.com\/#website\"},\"datePublished\":\"2024-10-11T07:32:56+00:00\",\"dateModified\":\"2025-08-14T20:12:02+00:00\",\"breadcrumb\":{\"@id\":\"https:\/\/misterconcierge.fr\/protection-des-donnes#breadcrumb\"},\"inLanguage\":\"en-GB\",\"potentialAction\":[{\"@type\":\"ReadAction\",\"target\":[\"https:\/\/misterconcierge.fr\/protection-des-donnes\"]}]},{\"@type\":\"BreadcrumbList\",\"@id\":\"https:\/\/misterconcierge.fr\/protection-des-donnes#breadcrumb\",\"itemListElement\":[{\"@type\":\"ListItem\",\"position\":1,\"name\":\"Accueil\",\"item\":\"https:\/\/www.laconciairgerie.com\/\"},{\"@type\":\"ListItem\",\"position\":2,\"name\":\"Protection des donn\u00e9es\"}]},{\"@type\":\"WebSite\",\"@id\":\"https:\/\/www.laconciairgerie.com\/#website\",\"url\":\"https:\/\/www.laconciairgerie.com\/\",\"name\":\"La Conciairgerie\",\"description\":\"Agence de gestion d&#039;appartement et conciergerie de qualit\u00e9. D\u00e9couvrez nos services de gestion compl\u00e8te pour vos locations courte dur\u00e9e.\",\"potentialAction\":[{\"@type\":\"SearchAction\",\"target\":{\"@type\":\"EntryPoint\",\"urlTemplate\":\"https:\/\/www.laconciairgerie.com\/?s={search_term_string}\"},\"query-input\":{\"@type\":\"PropertyValueSpecification\",\"valueRequired\":true,\"valueName\":\"search_term_string\"}}],\"inLanguage\":\"en-GB\"}]}<\/script>\n<!-- \/ Yoast SEO plugin. -->","yoast_head_json":{"title":"La Conciairgerie - Protection des donn\u00e9es","robots":{"index":"index","follow":"follow","max-snippet":"max-snippet:-1","max-image-preview":"max-image-preview:large","max-video-preview":"max-video-preview:-1"},"canonical":"https:\/\/misterconcierge.fr\/protection-des-donnes","og_locale":"en_GB","og_type":"article","og_title":"La Conciairgerie - Protection des donn\u00e9es","og_description":"Protection des donn\u00e9es Mise \u00e0 jour : Mars, 2024 Cookies utilis\u00e9s Titulaire du cookie : GoogleFinalit\u00e9 : Mesure d\u2019audience et de performancePolitique de cookie : Lien vers la politique de cookie","og_url":"https:\/\/misterconcierge.fr\/protection-des-donnes","og_site_name":"La Conciairgerie","article_modified_time":"2025-08-14T20:12:02+00:00","twitter_card":"summary_large_image","twitter_misc":{"Estimated reading time":"1 minute"},"schema":{"@context":"https:\/\/schema.org","@graph":[{"@type":"WebPage","@id":"https:\/\/www.laconciairgerie.com\/protection-des-donnes\/","url":"https:\/\/misterconcierge.fr\/protection-des-donnes","name":"La Conciairgerie - Protection des donn\u00e9es","isPartOf":{"@id":"https:\/\/www.laconciairgerie.com\/#website"},"datePublished":"2024-10-11T07:32:56+00:00","dateModified":"2025-08-14T20:12:02+00:00","breadcrumb":{"@id":"https:\/\/misterconcierge.fr\/protection-des-donnes#breadcrumb"},"inLanguage":"en-GB","potentialAction":[{"@type":"ReadAction","target":["https:\/\/misterconcierge.fr\/protection-des-donnes"]}]},{"@type":"BreadcrumbList","@id":"https:\/\/misterconcierge.fr\/protection-des-donnes#breadcrumb","itemListElement":[{"@type":"ListItem","position":1,"name":"Accueil","item":"https:\/\/www.laconciairgerie.com\/"},{"@type":"ListItem","position":2,"name":"Protection des donn\u00e9es"}]},{"@type":"WebSite","@id":"https:\/\/www.laconciairgerie.com\/#website","url":"https:\/\/www.laconciairgerie.com\/","name":"La Conciairgerie","description":"Agence de gestion d&#039;appartement et conciergerie de qualit\u00e9. D\u00e9couvrez nos services de gestion compl\u00e8te pour vos locations courte dur\u00e9e.","potentialAction":[{"@type":"SearchAction","target":{"@type":"EntryPoint","urlTemplate":"https:\/\/www.laconciairgerie.com\/?s={search_term_string}"},"query-input":{"@type":"PropertyValueSpecification","valueRequired":true,"valueName":"search_term_string"}}],"inLanguage":"en-GB"}]}},"_links":{"self":[{"href":"https:\/\/www.laconciairgerie.com\/en\/wp-json\/wp\/v2\/pages\/23919","targetHints":{"allow":["GET"]}}],"collection":[{"href":"https:\/\/www.laconciairgerie.com\/en\/wp-json\/wp\/v2\/pages"}],"about":[{"href":"https:\/\/www.laconciairgerie.com\/en\/wp-json\/wp\/v2\/types\/page"}],"author":[{"embeddable":true,"href":"https:\/\/www.laconciairgerie.com\/en\/wp-json\/wp\/v2\/users\/2"}],"replies":[{"embeddable":true,"href":"https:\/\/www.laconciairgerie.com\/en\/wp-json\/wp\/v2\/comments?post=23919"}],"version-history":[{"count":15,"href":"https:\/\/www.laconciairgerie.com\/en\/wp-json\/wp\/v2\/pages\/23919\/revisions"}],"predecessor-version":[{"id":23941,"href":"https:\/\/www.laconciairgerie.com\/en\/wp-json\/wp\/v2\/pages\/23919\/revisions\/23941"}],"wp:attachment":[{"href":"https:\/\/www.laconciairgerie.com\/en\/wp-json\/wp\/v2\/media?parent=23919"}],"curies":[{"name":"wp","href":"https:\/\/api.w.org\/{rel}","templated":true}]}}