{"id":23775,"date":"2024-09-16T15:07:24","date_gmt":"2024-09-16T13:07:24","guid":{"rendered":"https:\/\/www.laconciairgerie.com\/?page_id=23775"},"modified":"2025-08-14T22:07:02","modified_gmt":"2025-08-14T20:07:02","slug":"formulaire-estimation-merci","status":"publish","type":"page","link":"https:\/\/www.laconciairgerie.com\/en\/formulaire-estimation-merci\/","title":{"rendered":"Formulaire estimation &#8211; Merci"},"content":{"rendered":"<div data-elementor-type=\"wp-page\" data-elementor-id=\"23775\" class=\"elementor elementor-23775\" data-elementor-post-type=\"page\">\n\t\t\t\t<div class=\"elementor-element elementor-element-62d0ae60 e-flex e-con-boxed e-con e-parent\" data-id=\"62d0ae60\" data-element_type=\"container\" data-e-type=\"container\" data-settings=\"{&quot;background_background&quot;:&quot;classic&quot;}\">\n\t\t\t\t\t<div class=\"e-con-inner\">\n\t\t<div class=\"elementor-element elementor-element-212fcdd4 e-con-full e-flex e-con e-child\" data-id=\"212fcdd4\" data-element_type=\"container\" data-e-type=\"container\">\n\t\t\t\t<div class=\"elementor-element elementor-element-4d1185f5 elementor-widget__width-initial animated-fast elementor-invisible elementor-widget elementor-widget-elementskit-heading\" data-id=\"4d1185f5\" data-element_type=\"widget\" data-e-type=\"widget\" data-settings=\"{&quot;_animation&quot;:&quot;fadeIn&quot;,&quot;_animation_delay&quot;:100,&quot;ekit_we_effect_on&quot;:&quot;none&quot;}\" data-widget_type=\"elementskit-heading.default\">\n\t\t\t\t<div class=\"elementor-widget-container\">\n\t\t\t\t\t<div class=\"ekit-wid-con\" ><div class=\"ekit-heading elementskit-section-title-wraper text_left   ekit_heading_tablet-   ekit_heading_mobile-\"><h2 class=\"ekit-heading--title elementskit-section-title\">Merci !<\/h2>\t\t\t\t<div class='ekit-heading__description'>\n\t\t\t\t\t<p>Votre demande a bien \u00e9t\u00e9 transmise.\u00a0<\/p>\n\t\t\t\t<\/div>\n\t\t\t<\/div><\/div>\t\t\t\t<\/div>\n\t\t\t\t<\/div>\n\t\t<div class=\"elementor-element elementor-element-7d0082d0 e-con-full e-flex e-con e-child\" data-id=\"7d0082d0\" data-element_type=\"container\" data-e-type=\"container\">\n\t\t\t\t<div class=\"elementor-element elementor-element-61969d0 elementor-widget elementor-widget-text-editor\" data-id=\"61969d0\" data-element_type=\"widget\" data-e-type=\"widget\" data-settings=\"{&quot;ekit_we_effect_on&quot;:&quot;none&quot;}\" data-widget_type=\"text-editor.default\">\n\t\t\t\t<div class=\"elementor-widget-container\">\n\t\t\t\t\t\t\t\t\t<p class=\"p1\">Nous vous remercions pour le temps accord\u00e9.<\/p><p class=\"p1\">Notre \u00e9quipe \u00e9tudie votre demande, selon vos informations. Vous allez \u00eatre recontact\u00e9 par un membre de notre \u00e9quipe commerciale.<\/p><p class=\"p1\">Merci pour votre confiance !<\/p>\t\t\t\t\t\t\t\t<\/div>\n\t\t\t\t<\/div>\n\t\t\t\t<\/div>\n\t\t\t\t<\/div>\n\t\t<div class=\"elementor-element elementor-element-4c7813ba e-con-full e-flex e-con e-child\" data-id=\"4c7813ba\" data-element_type=\"container\" data-e-type=\"container\">\n\t\t\t\t<div class=\"elementor-element elementor-element-62dea3df elementor-absolute animated-fast elementor-invisible elementor-widget elementor-widget-image\" data-id=\"62dea3df\" data-element_type=\"widget\" data-e-type=\"widget\" data-settings=\"{&quot;_position&quot;:&quot;absolute&quot;,&quot;_animation&quot;:&quot;zoomIn&quot;,&quot;_animation_delay&quot;:200,&quot;ekit_we_effect_on&quot;:&quot;none&quot;}\" data-widget_type=\"image.default\">\n\t\t\t\t<div class=\"elementor-widget-container\">\n\t\t\t\t\t\t\t\t\t\t\t\t\t\t\t<img fetchpriority=\"high\" decoding=\"async\" width=\"331\" height=\"425\" src=\"https:\/\/www.laconciairgerie.com\/wp-content\/uploads\/2024\/09\/shape-2-1.png\" class=\"attachment-full size-full wp-image-23763\" alt=\"\" srcset=\"https:\/\/www.laconciairgerie.com\/wp-content\/uploads\/2024\/09\/shape-2-1.png 331w, https:\/\/www.laconciairgerie.com\/wp-content\/uploads\/2024\/09\/shape-2-1-234x300.png 234w\" sizes=\"(max-width: 331px) 100vw, 331px\" \/>\t\t\t\t\t\t\t\t\t\t\t\t\t\t\t<\/div>\n\t\t\t\t<\/div>\n\t\t\t\t<div class=\"elementor-element elementor-element-1e0c2300 animated-fast elementor-invisible elementor-widget elementor-widget-image\" data-id=\"1e0c2300\" data-element_type=\"widget\" data-e-type=\"widget\" data-settings=\"{&quot;_animation&quot;:&quot;fadeInUp&quot;,&quot;_animation_delay&quot;:200,&quot;ekit_we_effect_on&quot;:&quot;none&quot;}\" data-widget_type=\"image.default\">\n\t\t\t\t<div class=\"elementor-widget-container\">\n\t\t\t\t\t\t\t\t\t\t\t\t\t\t\t<img decoding=\"async\" width=\"590\" height=\"700\" src=\"https:\/\/www.laconciairgerie.com\/wp-content\/uploads\/2024\/01\/LC_TARIFS-VISU-2-2.jpg\" class=\"attachment-full size-full wp-image-22143\" alt=\"\" srcset=\"https:\/\/www.laconciairgerie.com\/wp-content\/uploads\/2024\/01\/LC_TARIFS-VISU-2-2.jpg 590w, https:\/\/www.laconciairgerie.com\/wp-content\/uploads\/2024\/01\/LC_TARIFS-VISU-2-2-253x300.jpg 253w\" sizes=\"(max-width: 590px) 100vw, 590px\" \/>\t\t\t\t\t\t\t\t\t\t\t\t\t\t\t<\/div>\n\t\t\t\t<\/div>\n\t\t\t\t<\/div>\n\t\t\t\t\t<\/div>\n\t\t\t\t<\/div>\n\t\t\t\t<\/div>","protected":false},"excerpt":{"rendered":"<p>Merci ! Votre demande a bien \u00e9t\u00e9 transmise.\u00a0 Nous vous remercions pour le temps accord\u00e9. Notre \u00e9quipe \u00e9tudie votre demande, selon vos informations. Vous allez \u00eatre recontact\u00e9 par un membre de notre \u00e9quipe commerciale. Merci pour votre confiance !<\/p>","protected":false},"author":2,"featured_media":0,"parent":0,"menu_order":0,"comment_status":"closed","ping_status":"closed","template":"","meta":{"inline_featured_image":false,"footnotes":""},"class_list":["post-23775","page","type-page","status-publish","hentry"],"yoast_head":"<!-- This site is optimized with the Yoast SEO plugin v27.2 - https:\/\/yoast.com\/product\/yoast-seo-wordpress\/ -->\n<title>La Conciairgerie - Formulaire estimation - Merci<\/title>\n<meta name=\"description\" content=\"Nous vous remercions pour le temps accord\u00e9.Notre \u00e9quipe \u00e9tudie votre demande, selon vos informations. Vous allez \u00eatre recontact\u00e9 par un membre de notre \u00e9quipe commerciale.\" \/>\n<meta name=\"robots\" content=\"index, follow, max-snippet:-1, max-image-preview:large, max-video-preview:-1\" \/>\n<link rel=\"canonical\" href=\"https:\/\/misterconcierge.fr\/formulaire-estimation-merci\" \/>\n<meta property=\"og:locale\" content=\"en_GB\" \/>\n<meta property=\"og:type\" content=\"article\" \/>\n<meta property=\"og:title\" content=\"La Conciairgerie - Formulaire estimation - Merci\" \/>\n<meta property=\"og:description\" content=\"Nous vous remercions pour le temps accord\u00e9.Notre \u00e9quipe \u00e9tudie votre demande, selon vos informations. Vous allez \u00eatre recontact\u00e9 par un membre de notre \u00e9quipe commerciale.\" \/>\n<meta property=\"og:url\" content=\"https:\/\/misterconcierge.fr\/formulaire-estimation-merci\" \/>\n<meta property=\"og:site_name\" content=\"La Conciairgerie\" \/>\n<meta property=\"article:modified_time\" content=\"2025-08-14T20:07:02+00:00\" \/>\n<meta property=\"og:image\" content=\"https:\/\/www.laconciairgerie.com\/wp-content\/uploads\/2024\/09\/shape-2-1.png\" \/>\n<meta name=\"twitter:card\" content=\"summary_large_image\" \/>\n<meta name=\"twitter:label1\" content=\"Estimated reading time\" \/>\n\t<meta name=\"twitter:data1\" content=\"1 minute\" \/>\n<script type=\"application\/ld+json\" class=\"yoast-schema-graph\">{\"@context\":\"https:\/\/schema.org\",\"@graph\":[{\"@type\":\"WebPage\",\"@id\":\"https:\/\/www.laconciairgerie.com\/formulaire-estimation-merci\/\",\"url\":\"https:\/\/misterconcierge.fr\/formulaire-estimation-merci\",\"name\":\"La Conciairgerie - Formulaire estimation - Merci\",\"isPartOf\":{\"@id\":\"https:\/\/www.laconciairgerie.com\/#website\"},\"primaryImageOfPage\":{\"@id\":\"https:\/\/misterconcierge.fr\/formulaire-estimation-merci#primaryimage\"},\"image\":{\"@id\":\"https:\/\/misterconcierge.fr\/formulaire-estimation-merci#primaryimage\"},\"thumbnailUrl\":\"https:\/\/www.laconciairgerie.com\/wp-content\/uploads\/2024\/09\/shape-2-1.png\",\"datePublished\":\"2024-09-16T13:07:24+00:00\",\"dateModified\":\"2025-08-14T20:07:02+00:00\",\"description\":\"Nous vous remercions pour le temps accord\u00e9.Notre \u00e9quipe \u00e9tudie votre demande, selon vos informations. Vous allez \u00eatre recontact\u00e9 par un membre de notre \u00e9quipe commerciale.\",\"breadcrumb\":{\"@id\":\"https:\/\/misterconcierge.fr\/formulaire-estimation-merci#breadcrumb\"},\"inLanguage\":\"en-GB\",\"potentialAction\":[{\"@type\":\"ReadAction\",\"target\":[\"https:\/\/misterconcierge.fr\/formulaire-estimation-merci\"]}]},{\"@type\":\"ImageObject\",\"inLanguage\":\"en-GB\",\"@id\":\"https:\/\/misterconcierge.fr\/formulaire-estimation-merci#primaryimage\",\"url\":\"https:\/\/www.laconciairgerie.com\/wp-content\/uploads\/2024\/09\/shape-2-1.png\",\"contentUrl\":\"https:\/\/www.laconciairgerie.com\/wp-content\/uploads\/2024\/09\/shape-2-1.png\"},{\"@type\":\"BreadcrumbList\",\"@id\":\"https:\/\/misterconcierge.fr\/formulaire-estimation-merci#breadcrumb\",\"itemListElement\":[{\"@type\":\"ListItem\",\"position\":1,\"name\":\"Accueil\",\"item\":\"https:\/\/www.laconciairgerie.com\/\"},{\"@type\":\"ListItem\",\"position\":2,\"name\":\"Formulaire estimation &#8211; Merci\"}]},{\"@type\":\"WebSite\",\"@id\":\"https:\/\/www.laconciairgerie.com\/#website\",\"url\":\"https:\/\/www.laconciairgerie.com\/\",\"name\":\"La Conciairgerie\",\"description\":\"Agence de gestion d&#039;appartement et conciergerie de qualit\u00e9. D\u00e9couvrez nos services de gestion compl\u00e8te pour vos locations courte dur\u00e9e.\",\"potentialAction\":[{\"@type\":\"SearchAction\",\"target\":{\"@type\":\"EntryPoint\",\"urlTemplate\":\"https:\/\/www.laconciairgerie.com\/?s={search_term_string}\"},\"query-input\":{\"@type\":\"PropertyValueSpecification\",\"valueRequired\":true,\"valueName\":\"search_term_string\"}}],\"inLanguage\":\"en-GB\"}]}<\/script>\n<!-- \/ Yoast SEO plugin. -->","yoast_head_json":{"title":"La Conciairgerie - Formulaire estimation - Merci","description":"Nous vous remercions pour le temps accord\u00e9.Notre \u00e9quipe \u00e9tudie votre demande, selon vos informations. Vous allez \u00eatre recontact\u00e9 par un membre de notre \u00e9quipe commerciale.","robots":{"index":"index","follow":"follow","max-snippet":"max-snippet:-1","max-image-preview":"max-image-preview:large","max-video-preview":"max-video-preview:-1"},"canonical":"https:\/\/misterconcierge.fr\/formulaire-estimation-merci","og_locale":"en_GB","og_type":"article","og_title":"La Conciairgerie - Formulaire estimation - Merci","og_description":"Nous vous remercions pour le temps accord\u00e9.Notre \u00e9quipe \u00e9tudie votre demande, selon vos informations. Vous allez \u00eatre recontact\u00e9 par un membre de notre \u00e9quipe commerciale.","og_url":"https:\/\/misterconcierge.fr\/formulaire-estimation-merci","og_site_name":"La Conciairgerie","article_modified_time":"2025-08-14T20:07:02+00:00","og_image":[{"url":"https:\/\/www.laconciairgerie.com\/wp-content\/uploads\/2024\/09\/shape-2-1.png","type":"","width":"","height":""}],"twitter_card":"summary_large_image","twitter_misc":{"Estimated reading time":"1 minute"},"schema":{"@context":"https:\/\/schema.org","@graph":[{"@type":"WebPage","@id":"https:\/\/www.laconciairgerie.com\/formulaire-estimation-merci\/","url":"https:\/\/misterconcierge.fr\/formulaire-estimation-merci","name":"La Conciairgerie - Formulaire estimation - Merci","isPartOf":{"@id":"https:\/\/www.laconciairgerie.com\/#website"},"primaryImageOfPage":{"@id":"https:\/\/misterconcierge.fr\/formulaire-estimation-merci#primaryimage"},"image":{"@id":"https:\/\/misterconcierge.fr\/formulaire-estimation-merci#primaryimage"},"thumbnailUrl":"https:\/\/www.laconciairgerie.com\/wp-content\/uploads\/2024\/09\/shape-2-1.png","datePublished":"2024-09-16T13:07:24+00:00","dateModified":"2025-08-14T20:07:02+00:00","description":"Nous vous remercions pour le temps accord\u00e9.Notre \u00e9quipe \u00e9tudie votre demande, selon vos informations. Vous allez \u00eatre recontact\u00e9 par un membre de notre \u00e9quipe commerciale.","breadcrumb":{"@id":"https:\/\/misterconcierge.fr\/formulaire-estimation-merci#breadcrumb"},"inLanguage":"en-GB","potentialAction":[{"@type":"ReadAction","target":["https:\/\/misterconcierge.fr\/formulaire-estimation-merci"]}]},{"@type":"ImageObject","inLanguage":"en-GB","@id":"https:\/\/misterconcierge.fr\/formulaire-estimation-merci#primaryimage","url":"https:\/\/www.laconciairgerie.com\/wp-content\/uploads\/2024\/09\/shape-2-1.png","contentUrl":"https:\/\/www.laconciairgerie.com\/wp-content\/uploads\/2024\/09\/shape-2-1.png"},{"@type":"BreadcrumbList","@id":"https:\/\/misterconcierge.fr\/formulaire-estimation-merci#breadcrumb","itemListElement":[{"@type":"ListItem","position":1,"name":"Accueil","item":"https:\/\/www.laconciairgerie.com\/"},{"@type":"ListItem","position":2,"name":"Formulaire estimation &#8211; Merci"}]},{"@type":"WebSite","@id":"https:\/\/www.laconciairgerie.com\/#website","url":"https:\/\/www.laconciairgerie.com\/","name":"La Conciairgerie","description":"Agence de gestion d&#039;appartement et conciergerie de qualit\u00e9. D\u00e9couvrez nos services de gestion compl\u00e8te pour vos locations courte dur\u00e9e.","potentialAction":[{"@type":"SearchAction","target":{"@type":"EntryPoint","urlTemplate":"https:\/\/www.laconciairgerie.com\/?s={search_term_string}"},"query-input":{"@type":"PropertyValueSpecification","valueRequired":true,"valueName":"search_term_string"}}],"inLanguage":"en-GB"}]}},"_links":{"self":[{"href":"https:\/\/www.laconciairgerie.com\/en\/wp-json\/wp\/v2\/pages\/23775","targetHints":{"allow":["GET"]}}],"collection":[{"href":"https:\/\/www.laconciairgerie.com\/en\/wp-json\/wp\/v2\/pages"}],"about":[{"href":"https:\/\/www.laconciairgerie.com\/en\/wp-json\/wp\/v2\/types\/page"}],"author":[{"embeddable":true,"href":"https:\/\/www.laconciairgerie.com\/en\/wp-json\/wp\/v2\/users\/2"}],"replies":[{"embeddable":true,"href":"https:\/\/www.laconciairgerie.com\/en\/wp-json\/wp\/v2\/comments?post=23775"}],"version-history":[{"count":18,"href":"https:\/\/www.laconciairgerie.com\/en\/wp-json\/wp\/v2\/pages\/23775\/revisions"}],"predecessor-version":[{"id":24950,"href":"https:\/\/www.laconciairgerie.com\/en\/wp-json\/wp\/v2\/pages\/23775\/revisions\/24950"}],"wp:attachment":[{"href":"https:\/\/www.laconciairgerie.com\/en\/wp-json\/wp\/v2\/media?parent=23775"}],"curies":[{"name":"wp","href":"https:\/\/api.w.org\/{rel}","templated":true}]}}