{"id":23598,"date":"2024-05-15T15:53:19","date_gmt":"2024-05-15T13:53:19","guid":{"rendered":"https:\/\/www.laconciairgerie.com\/?page_id=23598"},"modified":"2025-08-14T22:04:23","modified_gmt":"2025-08-14T20:04:23","slug":"carrieres","status":"publish","type":"page","link":"https:\/\/www.laconciairgerie.com\/en\/carrieres\/","title":{"rendered":"Careers"},"content":{"rendered":"<div data-elementor-type=\"wp-page\" data-elementor-id=\"23598\" class=\"elementor elementor-23598\" data-elementor-post-type=\"page\">\n\t\t\t\t<div class=\"elementor-element elementor-element-70829c57 e-flex e-con-boxed e-con e-parent\" data-id=\"70829c57\" data-element_type=\"container\" data-e-type=\"container\">\n\t\t\t\t\t<div class=\"e-con-inner\">\n\t\t<div class=\"elementor-element elementor-element-17f71c81 e-con-full e-flex e-con e-child\" data-id=\"17f71c81\" data-element_type=\"container\" data-e-type=\"container\">\n\t\t<div class=\"elementor-element elementor-element-71835f7a e-con-full e-flex e-con e-child\" data-id=\"71835f7a\" data-element_type=\"container\" data-e-type=\"container\">\n\t\t\t\t<div class=\"elementor-element elementor-element-4ad3fe9 animated-fast elementor-invisible elementor-widget elementor-widget-elementskit-heading\" data-id=\"4ad3fe9\" data-element_type=\"widget\" data-e-type=\"widget\" data-settings=\"{&quot;_animation&quot;:&quot;fadeIn&quot;,&quot;ekit_we_effect_on&quot;:&quot;none&quot;}\" data-widget_type=\"elementskit-heading.default\">\n\t\t\t\t<div class=\"elementor-widget-container\">\n\t\t\t\t\t<div class=\"ekit-wid-con\" ><div class=\"ekit-heading elementskit-section-title-wraper text_center   ekit_heading_tablet-   ekit_heading_mobile-\"><h6 class=\"elementskit-section-subtitle   ekit-heading__subtitle-has-border\">\n\t\t\t\t\t\tCurrent job offers\n\t\t\t\t\t<\/h6><h2 class=\"ekit-heading--title elementskit-section-title\">La Conciairgerie is recruiting<\/h2>\t\t\t\t<div class='ekit-heading__description'>\n\t\t\t\t\t<p class=\"p1\">La Conciairgerie | Bnb External Solution was created in 2011. We have developed a tailor-made service to guarantee the quality of welcome and stay for travelers from all over the world.<\/p>\n<p class=\"p1\">We are driven by the satisfaction of the apartment owners we manage, the success of guests' stays, and the continuous improvement of our services.<\/p>\n\t\t\t\t<\/div>\n\t\t\t<\/div><\/div>\t\t\t\t<\/div>\n\t\t\t\t<\/div>\n\t\t\t\t<\/div>\n\t\t\t\t<\/div>\n\t\t<div class=\"elementor-element elementor-element-109defac e-con-full e-flex e-con e-child\" data-id=\"109defac\" data-element_type=\"container\" data-e-type=\"container\">\n\t\t<div class=\"elementor-element elementor-element-43a7f61b e-con-full e-flex e-con e-child\" data-id=\"43a7f61b\" data-element_type=\"container\" data-e-type=\"container\">\n\t\t\t\t<div class=\"elementor-element elementor-element-1dd0f0d1 elementor-widget elementor-widget-elementskit-blog-posts\" data-id=\"1dd0f0d1\" data-element_type=\"widget\" data-e-type=\"widget\" data-settings=\"{&quot;ekit_we_effect_on&quot;:&quot;none&quot;}\" data-widget_type=\"elementskit-blog-posts.default\">\n\t\t\t\t<div class=\"elementor-widget-container\">\n\t\t\t\t\t<div class=\"ekit-wid-con\" >\n        <div id=\"post-items--1dd0f0d1\" class=\"row post-items ekit-blog-posts-content wihout-masonry\" data-enable=\"no\">\n\n\t\t\t<!-- Blog Carousel markup render -->\n\t\t\t\n\n            <div class=\"col-lg-6 col-md-6\">\n\n                                    <div class=\"elementskit-post-image-card\">\n                        <div class=\"elementskit-entry-header\">\n                            \n                            \n                                                    <\/div><!-- .elementskit-entry-header END -->\n\n                        <div class=\"elementskit-post-body\">\n                            \t\t\t\t\t\t\t\t\t\t                <h2 class=\"entry-title\">\n                    <a href=\"https:\/\/www.laconciairgerie.com\/en\/agent-daccueil\/\">\n                            Reception agent                    <\/a>\n                <\/h2>\n                                                        \n                                                                                                                <div class=\"post-meta-list\">\n                                                                                                <span class=\"meta-date\">\n\n                                <i aria-hidden=\"true\" class=\"far fa-calendar\"><\/i>\n                                <span class=\"meta-date-text\">\n                                    15\/05\/2024                                <\/span>\n                            <\/span>\n                                                                                                            <\/div>\n                                                                        \n                                        \n                                                                                                                                                                            <p>We are looking for a Guest Relations Manager to join our Front of House team. In this role, you will be responsible for ensuring our guests have a pleasant experience, from pre-booking to post-stay.<\/p>\n                                                                                                                                                        <div class=\"btn-wraper\">\n                                                                            <a href=\"https:\/\/www.laconciairgerie.com\/en\/agent-daccueil\/\" class=\"elementskit-btn  whitespace--normal\" >\n                                            Learn more about the job                                                                                    <\/a>\n                                    \n                                                                    <\/div>\n                                                    <\/div><!-- .elementskit-post-body END -->\n                    <\/div>\n                \n            <\/div>\t\t\t\t\n\n            <div class=\"col-lg-6 col-md-6\">\n\n                                    <div class=\"elementskit-post-image-card\">\n                        <div class=\"elementskit-entry-header\">\n                            \n                            \n                                                    <\/div><!-- .elementskit-entry-header END -->\n\n                        <div class=\"elementskit-post-body\">\n                            \t\t\t\t\t\t\t\t\t\t                <h2 class=\"entry-title\">\n                    <a href=\"https:\/\/www.laconciairgerie.com\/en\/customer-onboarding-analyste-yield-manager\/\">\n                            Customer Onboarding and yield manager analyst                    <\/a>\n                <\/h2>\n                                                        \n                                                                                                                <div class=\"post-meta-list\">\n                                                                                                <span class=\"meta-date\">\n\n                                <i aria-hidden=\"true\" class=\"far fa-calendar\"><\/i>\n                                <span class=\"meta-date-text\">\n                                    15\/05\/2024                                <\/span>\n                            <\/span>\n                                                                                                            <\/div>\n                                                                        \n                                        \n                                                                                                                                                                            <p>We enable landlords to turn their investments into profitable revenue streams by streamlining the rental process from start to finish.<\/p>\n                                                                                                                                                        <div class=\"btn-wraper\">\n                                                                            <a href=\"https:\/\/www.laconciairgerie.com\/en\/customer-onboarding-analyste-yield-manager\/\" class=\"elementskit-btn  whitespace--normal\" >\n                                            Learn more about the job                                                                                    <\/a>\n                                    \n                                                                    <\/div>\n                                                    <\/div><!-- .elementskit-post-body END -->\n                    <\/div>\n                \n            <\/div>\t\t\t\t        <\/div>\n\n\n        <\/div>\t\t\t\t<\/div>\n\t\t\t\t<\/div>\n\t\t\t\t<\/div>\n\t\t\t\t<\/div>\n\t\t\t\t\t<\/div>\n\t\t\t\t<\/div>\n\t\t\t\t<\/div>","protected":false},"excerpt":{"rendered":"<p>Offres d&#039;emploi actuelles La Conciairgerie recrute La Conciairgerie | Bnb External Solution a \u00e9t\u00e9 cr\u00e9e en 2011. Nous avons d\u00e9velopp\u00e9 un service sur-mesure afin de garantir la qualit\u00e9 d\u2019accueil et de s\u00e9jour des voyageurs venant du monde entier. Nous sommes anim\u00e9s par la satisfaction des propri\u00e9taires d\u2019appartements que nous g\u00e9rons, la r\u00e9ussite des s\u00e9jours des [&hellip;] <\/p>\n","protected":false},"author":2,"featured_media":0,"parent":0,"menu_order":0,"comment_status":"closed","ping_status":"closed","template":"","meta":{"inline_featured_image":false,"footnotes":""},"class_list":["post-23598","page","type-page","status-publish","hentry"],"yoast_head":"<!-- This site is optimized with the Yoast SEO plugin v27.2 - https:\/\/yoast.com\/product\/yoast-seo-wordpress\/ -->\n<title>La Conciairgerie - Carri\u00e8res<\/title>\n<meta name=\"description\" content=\"Nos offres d&#039;emploi.\" \/>\n<meta name=\"robots\" content=\"index, follow, max-snippet:-1, max-image-preview:large, max-video-preview:-1\" \/>\n<link rel=\"canonical\" href=\"https:\/\/misterconcierge.fr\/carrieres\" \/>\n<meta property=\"og:locale\" content=\"en_GB\" \/>\n<meta property=\"og:type\" content=\"article\" \/>\n<meta property=\"og:title\" content=\"La Conciairgerie - Carri\u00e8res\" \/>\n<meta property=\"og:description\" content=\"Nos offres d&#039;emploi.\" \/>\n<meta property=\"og:url\" content=\"https:\/\/misterconcierge.fr\/carrieres\" \/>\n<meta property=\"og:site_name\" content=\"La Conciairgerie\" \/>\n<meta property=\"article:modified_time\" content=\"2025-08-14T20:04:23+00:00\" \/>\n<meta name=\"twitter:card\" content=\"summary_large_image\" \/>\n<meta name=\"twitter:label1\" content=\"Estimated reading time\" \/>\n\t<meta name=\"twitter:data1\" content=\"1 minute\" \/>\n<script type=\"application\/ld+json\" class=\"yoast-schema-graph\">{\"@context\":\"https:\/\/schema.org\",\"@graph\":[{\"@type\":\"WebPage\",\"@id\":\"https:\/\/www.laconciairgerie.com\/carrieres\/\",\"url\":\"https:\/\/misterconcierge.fr\/carrieres\",\"name\":\"La Conciairgerie - Carri\u00e8res\",\"isPartOf\":{\"@id\":\"https:\/\/www.laconciairgerie.com\/#website\"},\"datePublished\":\"2024-05-15T13:53:19+00:00\",\"dateModified\":\"2025-08-14T20:04:23+00:00\",\"description\":\"Nos offres d'emploi.\",\"breadcrumb\":{\"@id\":\"https:\/\/misterconcierge.fr\/carrieres#breadcrumb\"},\"inLanguage\":\"en-GB\",\"potentialAction\":[{\"@type\":\"ReadAction\",\"target\":[\"https:\/\/misterconcierge.fr\/carrieres\"]}]},{\"@type\":\"BreadcrumbList\",\"@id\":\"https:\/\/misterconcierge.fr\/carrieres#breadcrumb\",\"itemListElement\":[{\"@type\":\"ListItem\",\"position\":1,\"name\":\"Accueil\",\"item\":\"https:\/\/www.laconciairgerie.com\/\"},{\"@type\":\"ListItem\",\"position\":2,\"name\":\"Carri\u00e8res\"}]},{\"@type\":\"WebSite\",\"@id\":\"https:\/\/www.laconciairgerie.com\/#website\",\"url\":\"https:\/\/www.laconciairgerie.com\/\",\"name\":\"La Conciairgerie\",\"description\":\"Agence de gestion d&#039;appartement et conciergerie de qualit\u00e9. D\u00e9couvrez nos services de gestion compl\u00e8te pour vos locations courte dur\u00e9e.\",\"potentialAction\":[{\"@type\":\"SearchAction\",\"target\":{\"@type\":\"EntryPoint\",\"urlTemplate\":\"https:\/\/www.laconciairgerie.com\/?s={search_term_string}\"},\"query-input\":{\"@type\":\"PropertyValueSpecification\",\"valueRequired\":true,\"valueName\":\"search_term_string\"}}],\"inLanguage\":\"en-GB\"}]}<\/script>\n<!-- \/ Yoast SEO plugin. -->","yoast_head_json":{"title":"La Conciairgerie - Carri\u00e8res","description":"Nos offres d'emploi.","robots":{"index":"index","follow":"follow","max-snippet":"max-snippet:-1","max-image-preview":"max-image-preview:large","max-video-preview":"max-video-preview:-1"},"canonical":"https:\/\/misterconcierge.fr\/carrieres","og_locale":"en_GB","og_type":"article","og_title":"La Conciairgerie - Carri\u00e8res","og_description":"Nos offres d'emploi.","og_url":"https:\/\/misterconcierge.fr\/carrieres","og_site_name":"La Conciairgerie","article_modified_time":"2025-08-14T20:04:23+00:00","twitter_card":"summary_large_image","twitter_misc":{"Estimated reading time":"1 minute"},"schema":{"@context":"https:\/\/schema.org","@graph":[{"@type":"WebPage","@id":"https:\/\/www.laconciairgerie.com\/carrieres\/","url":"https:\/\/misterconcierge.fr\/carrieres","name":"La Conciairgerie - Carri\u00e8res","isPartOf":{"@id":"https:\/\/www.laconciairgerie.com\/#website"},"datePublished":"2024-05-15T13:53:19+00:00","dateModified":"2025-08-14T20:04:23+00:00","description":"Nos offres d'emploi.","breadcrumb":{"@id":"https:\/\/misterconcierge.fr\/carrieres#breadcrumb"},"inLanguage":"en-GB","potentialAction":[{"@type":"ReadAction","target":["https:\/\/misterconcierge.fr\/carrieres"]}]},{"@type":"BreadcrumbList","@id":"https:\/\/misterconcierge.fr\/carrieres#breadcrumb","itemListElement":[{"@type":"ListItem","position":1,"name":"Accueil","item":"https:\/\/www.laconciairgerie.com\/"},{"@type":"ListItem","position":2,"name":"Carri\u00e8res"}]},{"@type":"WebSite","@id":"https:\/\/www.laconciairgerie.com\/#website","url":"https:\/\/www.laconciairgerie.com\/","name":"La Conciairgerie","description":"Agence de gestion d&#039;appartement et conciergerie de qualit\u00e9. D\u00e9couvrez nos services de gestion compl\u00e8te pour vos locations courte dur\u00e9e.","potentialAction":[{"@type":"SearchAction","target":{"@type":"EntryPoint","urlTemplate":"https:\/\/www.laconciairgerie.com\/?s={search_term_string}"},"query-input":{"@type":"PropertyValueSpecification","valueRequired":true,"valueName":"search_term_string"}}],"inLanguage":"en-GB"}]}},"_links":{"self":[{"href":"https:\/\/www.laconciairgerie.com\/en\/wp-json\/wp\/v2\/pages\/23598","targetHints":{"allow":["GET"]}}],"collection":[{"href":"https:\/\/www.laconciairgerie.com\/en\/wp-json\/wp\/v2\/pages"}],"about":[{"href":"https:\/\/www.laconciairgerie.com\/en\/wp-json\/wp\/v2\/types\/page"}],"author":[{"embeddable":true,"href":"https:\/\/www.laconciairgerie.com\/en\/wp-json\/wp\/v2\/users\/2"}],"replies":[{"embeddable":true,"href":"https:\/\/www.laconciairgerie.com\/en\/wp-json\/wp\/v2\/comments?post=23598"}],"version-history":[{"count":56,"href":"https:\/\/www.laconciairgerie.com\/en\/wp-json\/wp\/v2\/pages\/23598\/revisions"}],"predecessor-version":[{"id":24439,"href":"https:\/\/www.laconciairgerie.com\/en\/wp-json\/wp\/v2\/pages\/23598\/revisions\/24439"}],"wp:attachment":[{"href":"https:\/\/www.laconciairgerie.com\/en\/wp-json\/wp\/v2\/media?parent=23598"}],"curies":[{"name":"wp","href":"https:\/\/api.w.org\/{rel}","templated":true}]}}